{"id":29639,"date":"2023-06-20T22:14:35","date_gmt":"2023-06-20T20:14:35","guid":{"rendered":"https:\/\/montdebaulmes.com\/reservierungen\/"},"modified":"2026-03-23T13:37:34","modified_gmt":"2026-03-23T12:37:34","slug":"reservierungen","status":"publish","type":"page","link":"https:\/\/montdebaulmes.com\/de\/reservierungen\/","title":{"rendered":"Reservierungen"},"content":{"rendered":"<p>[et_pb_section fb_built=&#8220;1&#8243; admin_label=&#8220;section&#8220; _builder_version=&#8220;4.16&#8243; global_colors_info=&#8220;{}&#8220;][et_pb_row admin_label=&#8220;row&#8220; _builder_version=&#8220;4.16&#8243; background_size=&#8220;initial&#8220; background_position=&#8220;top_left&#8220; background_repeat=&#8220;repeat&#8220; global_colors_info=&#8220;{}&#8220;][et_pb_column type=&#8220;4_4&#8243; _builder_version=&#8220;4.16&#8243; custom_padding=&#8220;|||&#8220; global_colors_info=&#8220;{}&#8220; custom_padding__hover=&#8220;|||&#8220;][et_pb_text admin_label=&#8220;Text&#8220; _builder_version=&#8220;4.27.4&#8243; text_font_size=&#8220;16px&#8220; background_size=&#8220;initial&#8220; background_position=&#8220;top_left&#8220; background_repeat=&#8220;repeat&#8220; global_colors_info=&#8220;{}&#8220;]<\/p>\n<p>Online-Reservierungen sind f\u00fcr bis zu 8 Personen und bis zu 2 Monate im Voraus m\u00f6glich.<\/p>\n<p>F\u00fcr Buchungen von mehr als 8 Personen kontaktieren Sie uns bitte ausschlie\u00dflich telefonisch unter +41-24-454-24-89.<\/p>\n<p>&nbsp;<\/p>\n<p>[\/et_pb_text][\/et_pb_column][\/et_pb_row][et_pb_row _builder_version=&#8220;4.27.4&#8243; _module_preset=&#8220;default&#8220; hover_enabled=&#8220;0&#8243; global_colors_info=&#8220;{}&#8220; sticky_enabled=&#8220;0&#8243;][et_pb_column type=&#8220;4_4&#8243; _builder_version=&#8220;4.27.4&#8243; _module_preset=&#8220;default&#8220; global_colors_info=&#8220;{}&#8220;][et_pb_code disabled_on=&#8220;off|off|off&#8220; _builder_version=&#8220;4.27.6&#8243; _module_preset=&#8220;default&#8220; hover_enabled=&#8220;0&#8243; global_colors_info=&#8220;{}&#8220; sticky_enabled=&#8220;0&#8243;]<iframe loading=\"lazy\" src=\"https:\/\/bookings.zenchef.com\/results?rid=363974&#038;lang=de&#038;fullscreen=1\" frameborder=\"0\" scrolling=\"yes\" width=\"100%\" height=\"630\" style=\"display: block; margin : 0 auto 60px auto; max-width: 600px; height:630px;  \"><\/iframe><!-- [et_pb_line_break_holder] --><!-- [et_pb_line_break_holder] -->[\/et_pb_code][\/et_pb_column][\/et_pb_row][\/et_pb_section]<\/p>\n","protected":false},"excerpt":{"rendered":"<p>Online-Reservierungen sind f\u00fcr bis zu 8 Personen und bis zu 2 Monate im Voraus m\u00f6glich. F\u00fcr Buchungen von mehr als 8 Personen kontaktieren Sie uns bitte ausschlie\u00dflich telefonisch unter +41-24-454-24-89. &nbsp;<\/p>\n","protected":false},"author":1,"featured_media":0,"parent":0,"menu_order":0,"comment_status":"closed","ping_status":"closed","template":"","meta":{"_et_pb_use_builder":"on","_et_pb_old_content":"<!-- wp:paragraph -->\n<p><\/p>\n<!-- \/wp:paragraph -->\n\n<!-- wp:shortcode -->\n<iframe src=\"https:\/\/bookings.zenchef.com\/results?rid=363974&lang=de&amp;fullscreen=1\" frameborder=\"0\" scrolling=\"yes\" width=\"100%\" height=\"630\" style=\"display: block; margin : 0 auto 60px auto; max-width: 600px; height:630px;  \"><\/iframe>\n<!-- \/wp:shortcode -->","_et_gb_content_width":"","footnotes":""},"class_list":["post-29639","page","type-page","status-publish","hentry"],"yoast_head":"<!-- This site is optimized with the Yoast SEO plugin v27.5 - https:\/\/yoast.com\/product\/yoast-seo-wordpress\/ -->\n<title>Reservierungen - Mont de Baulmes<\/title>\n<meta name=\"description\" content=\"Reservieren Sie Ihren Tisch f\u00fcr bis zu 8 Personen online. Reservierungen sind bis zu 30 Tage im Voraus m\u00f6glich.\" \/>\n<meta name=\"robots\" content=\"index, follow, max-snippet:-1, max-image-preview:large, max-video-preview:-1\" \/>\n<link rel=\"canonical\" href=\"https:\/\/montdebaulmes.com\/de\/reservierungen\/\" \/>\n<meta property=\"og:locale\" content=\"de_DE\" \/>\n<meta property=\"og:type\" content=\"article\" \/>\n<meta property=\"og:title\" content=\"Reservierungen - Mont de Baulmes\" \/>\n<meta property=\"og:description\" content=\"Reservieren Sie Ihren Tisch f\u00fcr bis zu 8 Personen online. Reservierungen sind bis zu 30 Tage im Voraus m\u00f6glich.\" \/>\n<meta property=\"og:url\" content=\"https:\/\/montdebaulmes.com\/de\/reservierungen\/\" \/>\n<meta property=\"og:site_name\" content=\"Mont de Baulmes\" \/>\n<meta property=\"article:publisher\" content=\"https:\/\/facebook.com\/montdebaulmes\" \/>\n<meta property=\"article:modified_time\" content=\"2026-03-23T12:37:34+00:00\" \/>\n<meta name=\"twitter:card\" content=\"summary_large_image\" \/>\n<meta name=\"twitter:label1\" content=\"Gesch\u00e4tzte Lesezeit\" \/>\n\t<meta name=\"twitter:data1\" content=\"1\u00a0Minute\" \/>\n<script type=\"application\/ld+json\" class=\"yoast-schema-graph\">{\"@context\":\"https:\\\/\\\/schema.org\",\"@graph\":[{\"@type\":\"WebPage\",\"@id\":\"https:\\\/\\\/montdebaulmes.com\\\/de\\\/reservierungen\\\/\",\"url\":\"https:\\\/\\\/montdebaulmes.com\\\/de\\\/reservierungen\\\/\",\"name\":\"Reservierungen - Mont de Baulmes\",\"isPartOf\":{\"@id\":\"https:\\\/\\\/montdebaulmes.com\\\/de\\\/#website\"},\"datePublished\":\"2023-06-20T20:14:35+00:00\",\"dateModified\":\"2026-03-23T12:37:34+00:00\",\"description\":\"Reservieren Sie Ihren Tisch f\u00fcr bis zu 8 Personen online. Reservierungen sind bis zu 30 Tage im Voraus m\u00f6glich.\",\"breadcrumb\":{\"@id\":\"https:\\\/\\\/montdebaulmes.com\\\/de\\\/reservierungen\\\/#breadcrumb\"},\"inLanguage\":\"de\",\"potentialAction\":[{\"@type\":\"ReadAction\",\"target\":[\"https:\\\/\\\/montdebaulmes.com\\\/de\\\/reservierungen\\\/\"]}]},{\"@type\":\"BreadcrumbList\",\"@id\":\"https:\\\/\\\/montdebaulmes.com\\\/de\\\/reservierungen\\\/#breadcrumb\",\"itemListElement\":[{\"@type\":\"ListItem\",\"position\":1,\"name\":\"Accueil\",\"item\":\"https:\\\/\\\/montdebaulmes.com\\\/de\\\/\"},{\"@type\":\"ListItem\",\"position\":2,\"name\":\"Reservierungen\"}]},{\"@type\":\"WebSite\",\"@id\":\"https:\\\/\\\/montdebaulmes.com\\\/de\\\/#website\",\"url\":\"https:\\\/\\\/montdebaulmes.com\\\/de\\\/\",\"name\":\"Mont de Baulmes\",\"description\":\"\",\"publisher\":{\"@id\":\"https:\\\/\\\/montdebaulmes.com\\\/de\\\/#organization\"},\"potentialAction\":[{\"@type\":\"SearchAction\",\"target\":{\"@type\":\"EntryPoint\",\"urlTemplate\":\"https:\\\/\\\/montdebaulmes.com\\\/de\\\/?s={search_term_string}\"},\"query-input\":{\"@type\":\"PropertyValueSpecification\",\"valueRequired\":true,\"valueName\":\"search_term_string\"}}],\"inLanguage\":\"de\"},{\"@type\":\"Organization\",\"@id\":\"https:\\\/\\\/montdebaulmes.com\\\/de\\\/#organization\",\"name\":\"Mont de Baulmes\",\"url\":\"https:\\\/\\\/montdebaulmes.com\\\/de\\\/\",\"logo\":{\"@type\":\"ImageObject\",\"inLanguage\":\"de\",\"@id\":\"https:\\\/\\\/montdebaulmes.com\\\/de\\\/#\\\/schema\\\/logo\\\/image\\\/\",\"url\":\"https:\\\/\\\/i0.wp.com\\\/montdebaulmes.com\\\/wp-content\\\/uploads\\\/2023\\\/05\\\/logo-mdb-avec-infos-et-alt.png?fit=3000%2C3000&ssl=1\",\"contentUrl\":\"https:\\\/\\\/i0.wp.com\\\/montdebaulmes.com\\\/wp-content\\\/uploads\\\/2023\\\/05\\\/logo-mdb-avec-infos-et-alt.png?fit=3000%2C3000&ssl=1\",\"width\":3000,\"height\":3000,\"caption\":\"Mont de Baulmes\"},\"image\":{\"@id\":\"https:\\\/\\\/montdebaulmes.com\\\/de\\\/#\\\/schema\\\/logo\\\/image\\\/\"},\"sameAs\":[\"https:\\\/\\\/facebook.com\\\/montdebaulmes\",\"https:\\\/\\\/instagram.com\\\/montdebaulmes\"]}]}<\/script>\n<!-- \/ Yoast SEO plugin. -->","yoast_head_json":{"title":"Reservierungen - Mont de Baulmes","description":"Reservieren Sie Ihren Tisch f\u00fcr bis zu 8 Personen online. Reservierungen sind bis zu 30 Tage im Voraus m\u00f6glich.","robots":{"index":"index","follow":"follow","max-snippet":"max-snippet:-1","max-image-preview":"max-image-preview:large","max-video-preview":"max-video-preview:-1"},"canonical":"https:\/\/montdebaulmes.com\/de\/reservierungen\/","og_locale":"de_DE","og_type":"article","og_title":"Reservierungen - Mont de Baulmes","og_description":"Reservieren Sie Ihren Tisch f\u00fcr bis zu 8 Personen online. Reservierungen sind bis zu 30 Tage im Voraus m\u00f6glich.","og_url":"https:\/\/montdebaulmes.com\/de\/reservierungen\/","og_site_name":"Mont de Baulmes","article_publisher":"https:\/\/facebook.com\/montdebaulmes","article_modified_time":"2026-03-23T12:37:34+00:00","twitter_card":"summary_large_image","twitter_misc":{"Gesch\u00e4tzte Lesezeit":"1\u00a0Minute"},"schema":{"@context":"https:\/\/schema.org","@graph":[{"@type":"WebPage","@id":"https:\/\/montdebaulmes.com\/de\/reservierungen\/","url":"https:\/\/montdebaulmes.com\/de\/reservierungen\/","name":"Reservierungen - Mont de Baulmes","isPartOf":{"@id":"https:\/\/montdebaulmes.com\/de\/#website"},"datePublished":"2023-06-20T20:14:35+00:00","dateModified":"2026-03-23T12:37:34+00:00","description":"Reservieren Sie Ihren Tisch f\u00fcr bis zu 8 Personen online. Reservierungen sind bis zu 30 Tage im Voraus m\u00f6glich.","breadcrumb":{"@id":"https:\/\/montdebaulmes.com\/de\/reservierungen\/#breadcrumb"},"inLanguage":"de","potentialAction":[{"@type":"ReadAction","target":["https:\/\/montdebaulmes.com\/de\/reservierungen\/"]}]},{"@type":"BreadcrumbList","@id":"https:\/\/montdebaulmes.com\/de\/reservierungen\/#breadcrumb","itemListElement":[{"@type":"ListItem","position":1,"name":"Accueil","item":"https:\/\/montdebaulmes.com\/de\/"},{"@type":"ListItem","position":2,"name":"Reservierungen"}]},{"@type":"WebSite","@id":"https:\/\/montdebaulmes.com\/de\/#website","url":"https:\/\/montdebaulmes.com\/de\/","name":"Mont de Baulmes","description":"","publisher":{"@id":"https:\/\/montdebaulmes.com\/de\/#organization"},"potentialAction":[{"@type":"SearchAction","target":{"@type":"EntryPoint","urlTemplate":"https:\/\/montdebaulmes.com\/de\/?s={search_term_string}"},"query-input":{"@type":"PropertyValueSpecification","valueRequired":true,"valueName":"search_term_string"}}],"inLanguage":"de"},{"@type":"Organization","@id":"https:\/\/montdebaulmes.com\/de\/#organization","name":"Mont de Baulmes","url":"https:\/\/montdebaulmes.com\/de\/","logo":{"@type":"ImageObject","inLanguage":"de","@id":"https:\/\/montdebaulmes.com\/de\/#\/schema\/logo\/image\/","url":"https:\/\/i0.wp.com\/montdebaulmes.com\/wp-content\/uploads\/2023\/05\/logo-mdb-avec-infos-et-alt.png?fit=3000%2C3000&ssl=1","contentUrl":"https:\/\/i0.wp.com\/montdebaulmes.com\/wp-content\/uploads\/2023\/05\/logo-mdb-avec-infos-et-alt.png?fit=3000%2C3000&ssl=1","width":3000,"height":3000,"caption":"Mont de Baulmes"},"image":{"@id":"https:\/\/montdebaulmes.com\/de\/#\/schema\/logo\/image\/"},"sameAs":["https:\/\/facebook.com\/montdebaulmes","https:\/\/instagram.com\/montdebaulmes"]}]}},"jetpack_sharing_enabled":true,"_links":{"self":[{"href":"https:\/\/montdebaulmes.com\/de\/wp-json\/wp\/v2\/pages\/29639","targetHints":{"allow":["GET"]}}],"collection":[{"href":"https:\/\/montdebaulmes.com\/de\/wp-json\/wp\/v2\/pages"}],"about":[{"href":"https:\/\/montdebaulmes.com\/de\/wp-json\/wp\/v2\/types\/page"}],"author":[{"embeddable":true,"href":"https:\/\/montdebaulmes.com\/de\/wp-json\/wp\/v2\/users\/1"}],"replies":[{"embeddable":true,"href":"https:\/\/montdebaulmes.com\/de\/wp-json\/wp\/v2\/comments?post=29639"}],"version-history":[{"count":11,"href":"https:\/\/montdebaulmes.com\/de\/wp-json\/wp\/v2\/pages\/29639\/revisions"}],"predecessor-version":[{"id":32052,"href":"https:\/\/montdebaulmes.com\/de\/wp-json\/wp\/v2\/pages\/29639\/revisions\/32052"}],"wp:attachment":[{"href":"https:\/\/montdebaulmes.com\/de\/wp-json\/wp\/v2\/media?parent=29639"}],"curies":[{"name":"wp","href":"https:\/\/api.w.org\/{rel}","templated":true}]}}