{"id":31291,"date":"2025-04-24T13:38:44","date_gmt":"2025-04-24T11:38:44","guid":{"rendered":"https:\/\/montdebaulmes.com\/?page_id=31291"},"modified":"2025-11-06T10:32:53","modified_gmt":"2025-11-06T09:32:53","slug":"gruppe","status":"publish","type":"page","link":"https:\/\/montdebaulmes.com\/de\/gruppe\/","title":{"rendered":"Gruppe"},"content":{"rendered":"<p>[et_pb_section fb_built=&#8220;1&#8243; _builder_version=&#8220;4.27.4&#8243; _module_preset=&#8220;default&#8220; locked=&#8220;off&#8220; global_colors_info=&#8220;{}&#8220;][et_pb_row column_structure=&#8220;1_3,1_3,1_3&#8243; use_custom_gutter=&#8220;on&#8220; gutter_width=&#8220;1&#8243; make_equal=&#8220;on&#8220; disabled_on=&#8220;off|off|off&#8220; _builder_version=&#8220;4.27.4&#8243; _module_preset=&#8220;default&#8220; background_color=&#8220;#badcff&#8220; width=&#8220;100%&#8220; max_width=&#8220;100%&#8220; custom_margin=&#8220;||||false|false&#8220; custom_padding=&#8220;||75px||false|false&#8220; custom_css_main_element=&#8220;align-items : center;&#8220; global_colors_info=&#8220;{}&#8220;][et_pb_column type=&#8220;1_3&#8243; _builder_version=&#8220;4.27.4&#8243; _module_preset=&#8220;default&#8220; global_colors_info=&#8220;{}&#8220;][et_pb_image src=&#8220;https:\/\/montdebaulmes.com\/wp-content\/uploads\/2025\/04\/Chalet_groupe.png&#8220; title_text=&#8220;Chalet groupe&#8220; _builder_version=&#8220;4.27.4&#8243; _module_preset=&#8220;default&#8220; animation_style=&#8220;fade&#8220; global_colors_info=&#8220;{}&#8220;][\/et_pb_image][\/et_pb_column][et_pb_column type=&#8220;1_3&#8243; _builder_version=&#8220;4.27.4&#8243; _module_preset=&#8220;default&#8220; global_colors_info=&#8220;{}&#8220;][et_pb_text _builder_version=&#8220;4.27.4&#8243; _module_preset=&#8220;default&#8220; text_font_size=&#8220;18px&#8220; text_line_height=&#8220;1.8em&#8220; header_text_align=&#8220;center&#8220; header_2_text_align=&#8220;center&#8220; header_2_font_size=&#8220;30px&#8220; background_color=&#8220;#badcff&#8220; transform_translate_linked=&#8220;off&#8220; custom_margin=&#8220;||||true|false&#8220; custom_padding=&#8220;20px|20px|20px|20px|false|true&#8220; animation_style=&#8220;fade&#8220; inline_fonts=&#8220;Abril Fatface&#8220; global_colors_info=&#8220;{}&#8220;]<\/p>\n<h2 style=\"font-weight: 400;\">Empfang von Gruppen<\/h2>\n<p>&nbsp;<\/p>\n<p style=\"font-weight: 400;\">Ob f\u00fcr eine Privat- oder Firmenveranstaltung, wir stellen Ihnen unsere R\u00e4umlichkeiten und unsere Kompetenzen im Dienste Ihrer Veranstaltung zur Verf\u00fcgung.<\/p>\n<p style=\"font-weight: 400;\">F\u00fcr Gruppen ab 15 Personen werden spezielle Formeln angeboten.<\/p>\n<p><span style=\"font-family: inherit; font-weight: normal;\">Die Anfahrt mit dem Bus ist bis zur Bergh\u00fctte Mont de Baulmes m\u00f6glich (vorbehaltlich einer vorherigen Genehmigung durch die Beh\u00f6rden, bitte kontaktieren Sie uns f\u00fcr weitere Informationen).<\/span><\/p>\n<p style=\"font-weight: 400;\">F\u00fcr weitere Informationen und Anfragen zur Verf\u00fcgbarkeit stehen wir Ihnen gerne telefonisch unter +41-24-454-24-89 oder \u00fcber unser <a href=\"https:\/\/montdebaulmes.com\/de\/kontakt\/\">Kontaktformular<\/a> zur Verf\u00fcgung.<\/p>\n<p style=\"font-weight: 400;\">\n<p>[\/et_pb_text][\/et_pb_column][et_pb_column type=&#8220;1_3&#8243; _builder_version=&#8220;4.27.4&#8243; _module_preset=&#8220;default&#8220; global_colors_info=&#8220;{}&#8220;][et_pb_image src=&#8220;https:\/\/montdebaulmes.com\/wp-content\/uploads\/2025\/04\/Terrasse-2.png&#8220; title_text=&#8220;Terrasse&#8220; _builder_version=&#8220;4.27.4&#8243; _module_preset=&#8220;default&#8220; animation_style=&#8220;fade&#8220; global_colors_info=&#8220;{}&#8220;][\/et_pb_image][\/et_pb_column][\/et_pb_row][et_pb_row _builder_version=&#8220;4.27.4&#8243; _module_preset=&#8220;default&#8220; global_colors_info=&#8220;{}&#8220;][et_pb_column type=&#8220;4_4&#8243; _builder_version=&#8220;4.27.4&#8243; _module_preset=&#8220;default&#8220; global_colors_info=&#8220;{}&#8220;][et_pb_code _builder_version=&#8220;4.27.4&#8243; _module_preset=&#8220;default&#8220; hover_enabled=&#8220;0&#8243; global_colors_info=&#8220;{}&#8220; sticky_enabled=&#8220;0&#8243;]<!-- Zenchef Widget SDK --><!-- [et_pb_line_break_holder] --><script>;(function (d, s, id) {const el = d.getElementsByTagName(s)[0]; if (d.getElementById(id) || el.parentNode == null) {return;} var js = d.createElement(s);  js.id = id; js.async = true; js.src = 'https:\/\/sdk.zenchef.com\/v1\/sdk.min.js';  el.parentNode.insertBefore(js, el); })(document, 'script', 'zenchef-sdk')<\/script><!-- [et_pb_line_break_holder] --><div<!-- [et_pb_line_break_holder] -->   class=&#8220;zc-widget-config&#8220;<!-- [et_pb_line_break_holder] -->     data-lang=&#8220;de&#8220;<!-- [et_pb_line_break_holder] -->   data-restaurant=&#8220;&#8220;><\/div>\n<p><!-- [et_pb_line_break_holder] -->[\/et_pb_code][\/et_pb_column][\/et_pb_row][\/et_pb_section]<\/p>\n","protected":false},"excerpt":{"rendered":"<p>Empfang von Gruppen &nbsp; Ob f\u00fcr eine Privat- oder Firmenveranstaltung, wir stellen Ihnen unsere R\u00e4umlichkeiten und unsere Kompetenzen im Dienste Ihrer Veranstaltung zur Verf\u00fcgung. F\u00fcr Gruppen ab 15 Personen werden spezielle Formeln angeboten. Die Anfahrt mit dem Bus ist bis zur Bergh\u00fctte Mont de Baulmes m\u00f6glich (vorbehaltlich einer vorherigen Genehmigung durch die Beh\u00f6rden, bitte kontaktieren [&hellip;]<\/p>\n","protected":false},"author":1,"featured_media":0,"parent":0,"menu_order":0,"comment_status":"closed","ping_status":"closed","template":"","meta":{"_et_pb_use_builder":"on","_et_pb_old_content":"","_et_gb_content_width":"","footnotes":""},"class_list":["post-31291","page","type-page","status-publish","hentry"],"yoast_head":"<!-- This site is optimized with the Yoast SEO plugin v27.3 - https:\/\/yoast.com\/product\/yoast-seo-wordpress\/ -->\n<title>Men\u00fc - Mont de Baulmes<\/title>\n<meta name=\"description\" content=\"Speisekarte des Chalet-Restaurants auf dem Mont de Baulmes in Sainte-Croix. Lokale Produkte. K\u00e4se und Fleisch aus der Region.\" \/>\n<meta name=\"robots\" content=\"index, follow, max-snippet:-1, max-image-preview:large, max-video-preview:-1\" \/>\n<link rel=\"canonical\" href=\"https:\/\/montdebaulmes.com\/de\/gruppe\/\" \/>\n<meta property=\"og:locale\" content=\"de_DE\" \/>\n<meta property=\"og:type\" content=\"article\" \/>\n<meta property=\"og:title\" content=\"Men\u00fc - Mont de Baulmes\" \/>\n<meta property=\"og:description\" content=\"Speisekarte des Chalet-Restaurants auf dem Mont de Baulmes in Sainte-Croix. Lokale Produkte. K\u00e4se und Fleisch aus der Region.\" \/>\n<meta property=\"og:url\" content=\"https:\/\/montdebaulmes.com\/de\/gruppe\/\" \/>\n<meta property=\"og:site_name\" content=\"Mont de Baulmes\" \/>\n<meta property=\"article:publisher\" content=\"https:\/\/facebook.com\/montdebaulmes\" \/>\n<meta property=\"article:modified_time\" content=\"2025-11-06T09:32:53+00:00\" \/>\n<meta name=\"twitter:card\" content=\"summary_large_image\" \/>\n<meta name=\"twitter:label1\" content=\"Gesch\u00e4tzte Lesezeit\" \/>\n\t<meta name=\"twitter:data1\" content=\"2\u00a0Minuten\" \/>\n<script type=\"application\/ld+json\" class=\"yoast-schema-graph\">{\"@context\":\"https:\\\/\\\/schema.org\",\"@graph\":[{\"@type\":\"WebPage\",\"@id\":\"https:\\\/\\\/montdebaulmes.com\\\/de\\\/gruppe\\\/\",\"url\":\"https:\\\/\\\/montdebaulmes.com\\\/de\\\/gruppe\\\/\",\"name\":\"Men\u00fc - Mont de Baulmes\",\"isPartOf\":{\"@id\":\"https:\\\/\\\/montdebaulmes.com\\\/de\\\/#website\"},\"datePublished\":\"2025-04-24T11:38:44+00:00\",\"dateModified\":\"2025-11-06T09:32:53+00:00\",\"description\":\"Speisekarte des Chalet-Restaurants auf dem Mont de Baulmes in Sainte-Croix. Lokale Produkte. K\u00e4se und Fleisch aus der Region.\",\"breadcrumb\":{\"@id\":\"https:\\\/\\\/montdebaulmes.com\\\/de\\\/gruppe\\\/#breadcrumb\"},\"inLanguage\":\"de\",\"potentialAction\":[{\"@type\":\"ReadAction\",\"target\":[\"https:\\\/\\\/montdebaulmes.com\\\/de\\\/gruppe\\\/\"]}]},{\"@type\":\"BreadcrumbList\",\"@id\":\"https:\\\/\\\/montdebaulmes.com\\\/de\\\/gruppe\\\/#breadcrumb\",\"itemListElement\":[{\"@type\":\"ListItem\",\"position\":1,\"name\":\"Accueil\",\"item\":\"https:\\\/\\\/montdebaulmes.com\\\/de\\\/startseite-def-def\\\/\"},{\"@type\":\"ListItem\",\"position\":2,\"name\":\"Gruppe\"}]},{\"@type\":\"WebSite\",\"@id\":\"https:\\\/\\\/montdebaulmes.com\\\/de\\\/#website\",\"url\":\"https:\\\/\\\/montdebaulmes.com\\\/de\\\/\",\"name\":\"Mont de Baulmes\",\"description\":\"\",\"publisher\":{\"@id\":\"https:\\\/\\\/montdebaulmes.com\\\/de\\\/#organization\"},\"potentialAction\":[{\"@type\":\"SearchAction\",\"target\":{\"@type\":\"EntryPoint\",\"urlTemplate\":\"https:\\\/\\\/montdebaulmes.com\\\/de\\\/?s={search_term_string}\"},\"query-input\":{\"@type\":\"PropertyValueSpecification\",\"valueRequired\":true,\"valueName\":\"search_term_string\"}}],\"inLanguage\":\"de\"},{\"@type\":\"Organization\",\"@id\":\"https:\\\/\\\/montdebaulmes.com\\\/de\\\/#organization\",\"name\":\"Mont de Baulmes\",\"url\":\"https:\\\/\\\/montdebaulmes.com\\\/de\\\/\",\"logo\":{\"@type\":\"ImageObject\",\"inLanguage\":\"de\",\"@id\":\"https:\\\/\\\/montdebaulmes.com\\\/de\\\/#\\\/schema\\\/logo\\\/image\\\/\",\"url\":\"https:\\\/\\\/i0.wp.com\\\/montdebaulmes.com\\\/wp-content\\\/uploads\\\/2023\\\/05\\\/logo-mdb-avec-infos-et-alt.png?fit=3000%2C3000&ssl=1\",\"contentUrl\":\"https:\\\/\\\/i0.wp.com\\\/montdebaulmes.com\\\/wp-content\\\/uploads\\\/2023\\\/05\\\/logo-mdb-avec-infos-et-alt.png?fit=3000%2C3000&ssl=1\",\"width\":3000,\"height\":3000,\"caption\":\"Mont de Baulmes\"},\"image\":{\"@id\":\"https:\\\/\\\/montdebaulmes.com\\\/de\\\/#\\\/schema\\\/logo\\\/image\\\/\"},\"sameAs\":[\"https:\\\/\\\/facebook.com\\\/montdebaulmes\",\"https:\\\/\\\/instagram.com\\\/montdebaulmes\"]}]}<\/script>\n<!-- \/ Yoast SEO plugin. -->","yoast_head_json":{"title":"Men\u00fc - Mont de Baulmes","description":"Speisekarte des Chalet-Restaurants auf dem Mont de Baulmes in Sainte-Croix. Lokale Produkte. K\u00e4se und Fleisch aus der Region.","robots":{"index":"index","follow":"follow","max-snippet":"max-snippet:-1","max-image-preview":"max-image-preview:large","max-video-preview":"max-video-preview:-1"},"canonical":"https:\/\/montdebaulmes.com\/de\/gruppe\/","og_locale":"de_DE","og_type":"article","og_title":"Men\u00fc - Mont de Baulmes","og_description":"Speisekarte des Chalet-Restaurants auf dem Mont de Baulmes in Sainte-Croix. Lokale Produkte. K\u00e4se und Fleisch aus der Region.","og_url":"https:\/\/montdebaulmes.com\/de\/gruppe\/","og_site_name":"Mont de Baulmes","article_publisher":"https:\/\/facebook.com\/montdebaulmes","article_modified_time":"2025-11-06T09:32:53+00:00","twitter_card":"summary_large_image","twitter_misc":{"Gesch\u00e4tzte Lesezeit":"2\u00a0Minuten"},"schema":{"@context":"https:\/\/schema.org","@graph":[{"@type":"WebPage","@id":"https:\/\/montdebaulmes.com\/de\/gruppe\/","url":"https:\/\/montdebaulmes.com\/de\/gruppe\/","name":"Men\u00fc - Mont de Baulmes","isPartOf":{"@id":"https:\/\/montdebaulmes.com\/de\/#website"},"datePublished":"2025-04-24T11:38:44+00:00","dateModified":"2025-11-06T09:32:53+00:00","description":"Speisekarte des Chalet-Restaurants auf dem Mont de Baulmes in Sainte-Croix. Lokale Produkte. K\u00e4se und Fleisch aus der Region.","breadcrumb":{"@id":"https:\/\/montdebaulmes.com\/de\/gruppe\/#breadcrumb"},"inLanguage":"de","potentialAction":[{"@type":"ReadAction","target":["https:\/\/montdebaulmes.com\/de\/gruppe\/"]}]},{"@type":"BreadcrumbList","@id":"https:\/\/montdebaulmes.com\/de\/gruppe\/#breadcrumb","itemListElement":[{"@type":"ListItem","position":1,"name":"Accueil","item":"https:\/\/montdebaulmes.com\/de\/startseite-def-def\/"},{"@type":"ListItem","position":2,"name":"Gruppe"}]},{"@type":"WebSite","@id":"https:\/\/montdebaulmes.com\/de\/#website","url":"https:\/\/montdebaulmes.com\/de\/","name":"Mont de Baulmes","description":"","publisher":{"@id":"https:\/\/montdebaulmes.com\/de\/#organization"},"potentialAction":[{"@type":"SearchAction","target":{"@type":"EntryPoint","urlTemplate":"https:\/\/montdebaulmes.com\/de\/?s={search_term_string}"},"query-input":{"@type":"PropertyValueSpecification","valueRequired":true,"valueName":"search_term_string"}}],"inLanguage":"de"},{"@type":"Organization","@id":"https:\/\/montdebaulmes.com\/de\/#organization","name":"Mont de Baulmes","url":"https:\/\/montdebaulmes.com\/de\/","logo":{"@type":"ImageObject","inLanguage":"de","@id":"https:\/\/montdebaulmes.com\/de\/#\/schema\/logo\/image\/","url":"https:\/\/i0.wp.com\/montdebaulmes.com\/wp-content\/uploads\/2023\/05\/logo-mdb-avec-infos-et-alt.png?fit=3000%2C3000&ssl=1","contentUrl":"https:\/\/i0.wp.com\/montdebaulmes.com\/wp-content\/uploads\/2023\/05\/logo-mdb-avec-infos-et-alt.png?fit=3000%2C3000&ssl=1","width":3000,"height":3000,"caption":"Mont de Baulmes"},"image":{"@id":"https:\/\/montdebaulmes.com\/de\/#\/schema\/logo\/image\/"},"sameAs":["https:\/\/facebook.com\/montdebaulmes","https:\/\/instagram.com\/montdebaulmes"]}]}},"jetpack_sharing_enabled":true,"_links":{"self":[{"href":"https:\/\/montdebaulmes.com\/de\/wp-json\/wp\/v2\/pages\/31291","targetHints":{"allow":["GET"]}}],"collection":[{"href":"https:\/\/montdebaulmes.com\/de\/wp-json\/wp\/v2\/pages"}],"about":[{"href":"https:\/\/montdebaulmes.com\/de\/wp-json\/wp\/v2\/types\/page"}],"author":[{"embeddable":true,"href":"https:\/\/montdebaulmes.com\/de\/wp-json\/wp\/v2\/users\/1"}],"replies":[{"embeddable":true,"href":"https:\/\/montdebaulmes.com\/de\/wp-json\/wp\/v2\/comments?post=31291"}],"version-history":[{"count":5,"href":"https:\/\/montdebaulmes.com\/de\/wp-json\/wp\/v2\/pages\/31291\/revisions"}],"predecessor-version":[{"id":31764,"href":"https:\/\/montdebaulmes.com\/de\/wp-json\/wp\/v2\/pages\/31291\/revisions\/31764"}],"wp:attachment":[{"href":"https:\/\/montdebaulmes.com\/de\/wp-json\/wp\/v2\/media?parent=31291"}],"curies":[{"name":"wp","href":"https:\/\/api.w.org\/{rel}","templated":true}]}}